{"id":44,"date":"2014-12-09T19:38:40","date_gmt":"2014-12-09T19:38:40","guid":{"rendered":"http:\/\/uporabno.info\/apartmaji\/?page_id=44"},"modified":"2015-01-28T16:58:43","modified_gmt":"2015-01-28T16:58:43","slug":"rogla","status":"publish","type":"page","link":"https:\/\/uporabno.info\/apartmaji\/rogla\/","title":{"rendered":"Rogla"},"content":{"rendered":"<p>Apartmaji na Rogli so prav tako tisti apartmaji, po katerih se povpra\u0161uje skozi vso leto. Na roglo se lahko odpravite skozi vse letne \u010dase, tako da lahko tam u\u017eivate v poletnih mesecih, ko se lahko sprehajate po zelenem Pohorju ali v zimskih mesecih, ko lahko u\u017eivate v smu\u010danju.<\/p>\n<p>Apartmaji na Rogli so raztreseni po ve\u010dji povr\u0161ini, saj se ne nahajajo vsi v neposrednji bli\u017eini smu\u010di\u0161\u010da. Veliko apartmajev in drugih preno\u010di\u0161\u010d najdete tudi v Zre\u010dah in manj\u0161ih krajih v bli\u017eini, tako da, \u010de bodo vsi apartmaji zasedeni, preverite tudi ponudbo v teh krajih. V kolikor poznate koga, ki ima apartma na Rogli, ga lahko napotite na na\u0161o stran, da objavimo njegov apartma in ponudbo.<\/p>\n<p>Pregled ponudbe na Rogli in Pohorju najdete na strani <a href=\"http:\/\/apartmaji.eu\/slovenija\/apartmaji-rogla\/\">apartmaji na Rogli<\/a>. Tukaj si lahko ogledate \u0161iroko ponudbo namestitev na Rogli in njeni okolici. Ne glede na to ali se boste na Roglo odpravili smu\u010dat v zimskem \u010dasu ali na kak\u0161en vikend oddih v poletnih mesecih, boste na strani zagotovo na\u0161li nekaj zase. Glede na nekoliko manj\u0161o ponudbo pa vam priporo\u010damo, da si apartma na Rogli rezervirate kar se da hitro, saj vam bodo v nasprotnem primeru ostali samo tisti slab\u0161i ali pa bodo zasedeni prav vsi. \u0160e posebej velja to za kak\u0161ne po\u010ditnice ali novoletne praznike.<\/p>\n","protected":false},"excerpt":{"rendered":"<p>Apartmaji na Rogli so prav tako tisti apartmaji, po katerih se povpra\u0161uje skozi vso leto. Na roglo se lahko odpravite skozi vse letne \u010dase, tako da lahko tam u\u017eivate v poletnih mesecih, ko se lahko sprehajate po zelenem Pohorju ali v zimskih mesecih, ko lahko u\u017eivate v smu\u010danju. Apartmaji na Rogli so raztreseni po ve\u010dji &hellip; <a href=\"https:\/\/uporabno.info\/apartmaji\/rogla\/\" class=\"more-link\">Continue reading <span class=\"screen-reader-text\">Rogla<\/span> <span class=\"meta-nav\">&rarr;<\/span><\/a><\/p>\n","protected":false},"author":2,"featured_media":0,"parent":0,"menu_order":0,"comment_status":"open","ping_status":"open","template":"","meta":{"footnotes":""},"class_list":["post-44","page","type-page","status-publish","hentry"],"yoast_head":"<!-- This site is optimized with the Yoast SEO plugin v27.4 - https:\/\/yoast.com\/product\/yoast-seo-wordpress\/ -->\n<title>Rogla - Apartmaji<\/title>\n<meta name=\"robots\" content=\"index, follow, max-snippet:-1, max-image-preview:large, max-video-preview:-1\" \/>\n<link rel=\"canonical\" href=\"https:\/\/uporabno.info\/apartmaji\/rogla\/\" \/>\n<meta property=\"og:locale\" content=\"en_US\" \/>\n<meta property=\"og:type\" content=\"article\" \/>\n<meta property=\"og:title\" content=\"Rogla - Apartmaji\" \/>\n<meta property=\"og:description\" content=\"Apartmaji na Rogli so prav tako tisti apartmaji, po katerih se povpra\u0161uje skozi vso leto. Na roglo se lahko odpravite skozi vse letne \u010dase, tako da lahko tam u\u017eivate v poletnih mesecih, ko se lahko sprehajate po zelenem Pohorju ali v zimskih mesecih, ko lahko u\u017eivate v smu\u010danju. Apartmaji na Rogli so raztreseni po ve\u010dji &hellip; Continue reading Rogla &rarr;\" \/>\n<meta property=\"og:url\" content=\"https:\/\/uporabno.info\/apartmaji\/rogla\/\" \/>\n<meta property=\"og:site_name\" content=\"Apartmaji\" \/>\n<meta property=\"article:modified_time\" content=\"2015-01-28T16:58:43+00:00\" \/>\n<meta name=\"twitter:label1\" content=\"Est. reading time\" \/>\n\t<meta name=\"twitter:data1\" content=\"1 minute\" \/>\n<script type=\"application\/ld+json\" class=\"yoast-schema-graph\">{\"@context\":\"https:\\\/\\\/schema.org\",\"@graph\":[{\"@type\":\"WebPage\",\"@id\":\"https:\\\/\\\/uporabno.info\\\/apartmaji\\\/rogla\\\/\",\"url\":\"https:\\\/\\\/uporabno.info\\\/apartmaji\\\/rogla\\\/\",\"name\":\"Rogla - Apartmaji\",\"isPartOf\":{\"@id\":\"https:\\\/\\\/uporabno.info\\\/apartmaji\\\/#website\"},\"datePublished\":\"2014-12-09T19:38:40+00:00\",\"dateModified\":\"2015-01-28T16:58:43+00:00\",\"breadcrumb\":{\"@id\":\"https:\\\/\\\/uporabno.info\\\/apartmaji\\\/rogla\\\/#breadcrumb\"},\"inLanguage\":\"en-US\",\"potentialAction\":[{\"@type\":\"ReadAction\",\"target\":[\"https:\\\/\\\/uporabno.info\\\/apartmaji\\\/rogla\\\/\"]}]},{\"@type\":\"BreadcrumbList\",\"@id\":\"https:\\\/\\\/uporabno.info\\\/apartmaji\\\/rogla\\\/#breadcrumb\",\"itemListElement\":[{\"@type\":\"ListItem\",\"position\":1,\"name\":\"Home\",\"item\":\"https:\\\/\\\/uporabno.info\\\/apartmaji\\\/\"},{\"@type\":\"ListItem\",\"position\":2,\"name\":\"Rogla\"}]},{\"@type\":\"WebSite\",\"@id\":\"https:\\\/\\\/uporabno.info\\\/apartmaji\\\/#website\",\"url\":\"https:\\\/\\\/uporabno.info\\\/apartmaji\\\/\",\"name\":\"Apartmaji\",\"description\":\"Apartmaji na Hrva\u0161kem in Sloveniji\",\"potentialAction\":[{\"@type\":\"SearchAction\",\"target\":{\"@type\":\"EntryPoint\",\"urlTemplate\":\"https:\\\/\\\/uporabno.info\\\/apartmaji\\\/?s={search_term_string}\"},\"query-input\":{\"@type\":\"PropertyValueSpecification\",\"valueRequired\":true,\"valueName\":\"search_term_string\"}}],\"inLanguage\":\"en-US\"}]}<\/script>\n<!-- \/ Yoast SEO plugin. -->","yoast_head_json":{"title":"Rogla - Apartmaji","robots":{"index":"index","follow":"follow","max-snippet":"max-snippet:-1","max-image-preview":"max-image-preview:large","max-video-preview":"max-video-preview:-1"},"canonical":"https:\/\/uporabno.info\/apartmaji\/rogla\/","og_locale":"en_US","og_type":"article","og_title":"Rogla - Apartmaji","og_description":"Apartmaji na Rogli so prav tako tisti apartmaji, po katerih se povpra\u0161uje skozi vso leto. Na roglo se lahko odpravite skozi vse letne \u010dase, tako da lahko tam u\u017eivate v poletnih mesecih, ko se lahko sprehajate po zelenem Pohorju ali v zimskih mesecih, ko lahko u\u017eivate v smu\u010danju. Apartmaji na Rogli so raztreseni po ve\u010dji &hellip; Continue reading Rogla &rarr;","og_url":"https:\/\/uporabno.info\/apartmaji\/rogla\/","og_site_name":"Apartmaji","article_modified_time":"2015-01-28T16:58:43+00:00","twitter_misc":{"Est. reading time":"1 minute"},"schema":{"@context":"https:\/\/schema.org","@graph":[{"@type":"WebPage","@id":"https:\/\/uporabno.info\/apartmaji\/rogla\/","url":"https:\/\/uporabno.info\/apartmaji\/rogla\/","name":"Rogla - Apartmaji","isPartOf":{"@id":"https:\/\/uporabno.info\/apartmaji\/#website"},"datePublished":"2014-12-09T19:38:40+00:00","dateModified":"2015-01-28T16:58:43+00:00","breadcrumb":{"@id":"https:\/\/uporabno.info\/apartmaji\/rogla\/#breadcrumb"},"inLanguage":"en-US","potentialAction":[{"@type":"ReadAction","target":["https:\/\/uporabno.info\/apartmaji\/rogla\/"]}]},{"@type":"BreadcrumbList","@id":"https:\/\/uporabno.info\/apartmaji\/rogla\/#breadcrumb","itemListElement":[{"@type":"ListItem","position":1,"name":"Home","item":"https:\/\/uporabno.info\/apartmaji\/"},{"@type":"ListItem","position":2,"name":"Rogla"}]},{"@type":"WebSite","@id":"https:\/\/uporabno.info\/apartmaji\/#website","url":"https:\/\/uporabno.info\/apartmaji\/","name":"Apartmaji","description":"Apartmaji na Hrva\u0161kem in Sloveniji","potentialAction":[{"@type":"SearchAction","target":{"@type":"EntryPoint","urlTemplate":"https:\/\/uporabno.info\/apartmaji\/?s={search_term_string}"},"query-input":{"@type":"PropertyValueSpecification","valueRequired":true,"valueName":"search_term_string"}}],"inLanguage":"en-US"}]}},"_links":{"self":[{"href":"https:\/\/uporabno.info\/apartmaji\/wp-json\/wp\/v2\/pages\/44","targetHints":{"allow":["GET"]}}],"collection":[{"href":"https:\/\/uporabno.info\/apartmaji\/wp-json\/wp\/v2\/pages"}],"about":[{"href":"https:\/\/uporabno.info\/apartmaji\/wp-json\/wp\/v2\/types\/page"}],"author":[{"embeddable":true,"href":"https:\/\/uporabno.info\/apartmaji\/wp-json\/wp\/v2\/users\/2"}],"replies":[{"embeddable":true,"href":"https:\/\/uporabno.info\/apartmaji\/wp-json\/wp\/v2\/comments?post=44"}],"version-history":[{"count":0,"href":"https:\/\/uporabno.info\/apartmaji\/wp-json\/wp\/v2\/pages\/44\/revisions"}],"wp:attachment":[{"href":"https:\/\/uporabno.info\/apartmaji\/wp-json\/wp\/v2\/media?parent=44"}],"curies":[{"name":"wp","href":"https:\/\/api.w.org\/{rel}","templated":true}]}}