{"id":31,"date":"2014-01-14T19:22:24","date_gmt":"2014-01-14T19:22:24","guid":{"rendered":"http:\/\/uporabno.info\/apartmaji\/?page_id=31"},"modified":"2014-01-14T19:22:24","modified_gmt":"2014-01-14T19:22:24","slug":"izola","status":"publish","type":"page","link":"https:\/\/uporabno.info\/apartmaji\/izola\/","title":{"rendered":"Izola"},"content":{"rendered":"<p>Izola je s svojim Simonovim zalivom zelo popularna za dru\u017eine, saj se na veliki pla\u017ei otroci lahko spro\u0161\u010deno igrajo.<\/p>\n<p>Zaradi tega je tudi povpra\u0161evanje po apartmajih v Izoli vsako leto ve\u010dje. Ponudbo privat apartmajev v Izoli bomo spremljali na tej strani, tako da boste lahko na enostaven na\u010din pridobili podatke za rezervacijo apartmaja ali kak\u0161ne druge oblike no\u010ditve v Izoli, \u010de ste si izbrali, da je Izola va\u0161 naslednji kraj za dopust.<\/p>\n","protected":false},"excerpt":{"rendered":"<p>Izola je s svojim Simonovim zalivom zelo popularna za dru\u017eine, saj se na veliki pla\u017ei otroci lahko spro\u0161\u010deno igrajo. Zaradi tega je tudi povpra\u0161evanje po apartmajih v Izoli vsako leto ve\u010dje. Ponudbo privat apartmajev v Izoli bomo spremljali na tej strani, tako da boste lahko na enostaven na\u010din pridobili podatke za rezervacijo apartmaja ali kak\u0161ne &hellip; <a href=\"https:\/\/uporabno.info\/apartmaji\/izola\/\" class=\"more-link\">Continue reading <span class=\"screen-reader-text\">Izola<\/span> <span class=\"meta-nav\">&rarr;<\/span><\/a><\/p>\n","protected":false},"author":2,"featured_media":0,"parent":0,"menu_order":0,"comment_status":"open","ping_status":"open","template":"","meta":{"footnotes":""},"class_list":["post-31","page","type-page","status-publish","hentry"],"yoast_head":"<!-- This site is optimized with the Yoast SEO plugin v27.4 - https:\/\/yoast.com\/product\/yoast-seo-wordpress\/ -->\n<title>Izola - Apartmaji<\/title>\n<meta name=\"robots\" content=\"index, follow, max-snippet:-1, max-image-preview:large, max-video-preview:-1\" \/>\n<link rel=\"canonical\" href=\"https:\/\/uporabno.info\/apartmaji\/izola\/\" \/>\n<meta property=\"og:locale\" content=\"en_US\" \/>\n<meta property=\"og:type\" content=\"article\" \/>\n<meta property=\"og:title\" content=\"Izola - Apartmaji\" \/>\n<meta property=\"og:description\" content=\"Izola je s svojim Simonovim zalivom zelo popularna za dru\u017eine, saj se na veliki pla\u017ei otroci lahko spro\u0161\u010deno igrajo. Zaradi tega je tudi povpra\u0161evanje po apartmajih v Izoli vsako leto ve\u010dje. Ponudbo privat apartmajev v Izoli bomo spremljali na tej strani, tako da boste lahko na enostaven na\u010din pridobili podatke za rezervacijo apartmaja ali kak\u0161ne &hellip; Continue reading Izola &rarr;\" \/>\n<meta property=\"og:url\" content=\"https:\/\/uporabno.info\/apartmaji\/izola\/\" \/>\n<meta property=\"og:site_name\" content=\"Apartmaji\" \/>\n<script type=\"application\/ld+json\" class=\"yoast-schema-graph\">{\"@context\":\"https:\\\/\\\/schema.org\",\"@graph\":[{\"@type\":\"WebPage\",\"@id\":\"https:\\\/\\\/uporabno.info\\\/apartmaji\\\/izola\\\/\",\"url\":\"https:\\\/\\\/uporabno.info\\\/apartmaji\\\/izola\\\/\",\"name\":\"Izola - Apartmaji\",\"isPartOf\":{\"@id\":\"https:\\\/\\\/uporabno.info\\\/apartmaji\\\/#website\"},\"datePublished\":\"2014-01-14T19:22:24+00:00\",\"breadcrumb\":{\"@id\":\"https:\\\/\\\/uporabno.info\\\/apartmaji\\\/izola\\\/#breadcrumb\"},\"inLanguage\":\"en-US\",\"potentialAction\":[{\"@type\":\"ReadAction\",\"target\":[\"https:\\\/\\\/uporabno.info\\\/apartmaji\\\/izola\\\/\"]}]},{\"@type\":\"BreadcrumbList\",\"@id\":\"https:\\\/\\\/uporabno.info\\\/apartmaji\\\/izola\\\/#breadcrumb\",\"itemListElement\":[{\"@type\":\"ListItem\",\"position\":1,\"name\":\"Home\",\"item\":\"https:\\\/\\\/uporabno.info\\\/apartmaji\\\/\"},{\"@type\":\"ListItem\",\"position\":2,\"name\":\"Izola\"}]},{\"@type\":\"WebSite\",\"@id\":\"https:\\\/\\\/uporabno.info\\\/apartmaji\\\/#website\",\"url\":\"https:\\\/\\\/uporabno.info\\\/apartmaji\\\/\",\"name\":\"Apartmaji\",\"description\":\"Apartmaji na Hrva\u0161kem in Sloveniji\",\"potentialAction\":[{\"@type\":\"SearchAction\",\"target\":{\"@type\":\"EntryPoint\",\"urlTemplate\":\"https:\\\/\\\/uporabno.info\\\/apartmaji\\\/?s={search_term_string}\"},\"query-input\":{\"@type\":\"PropertyValueSpecification\",\"valueRequired\":true,\"valueName\":\"search_term_string\"}}],\"inLanguage\":\"en-US\"}]}<\/script>\n<!-- \/ Yoast SEO plugin. -->","yoast_head_json":{"title":"Izola - Apartmaji","robots":{"index":"index","follow":"follow","max-snippet":"max-snippet:-1","max-image-preview":"max-image-preview:large","max-video-preview":"max-video-preview:-1"},"canonical":"https:\/\/uporabno.info\/apartmaji\/izola\/","og_locale":"en_US","og_type":"article","og_title":"Izola - Apartmaji","og_description":"Izola je s svojim Simonovim zalivom zelo popularna za dru\u017eine, saj se na veliki pla\u017ei otroci lahko spro\u0161\u010deno igrajo. Zaradi tega je tudi povpra\u0161evanje po apartmajih v Izoli vsako leto ve\u010dje. Ponudbo privat apartmajev v Izoli bomo spremljali na tej strani, tako da boste lahko na enostaven na\u010din pridobili podatke za rezervacijo apartmaja ali kak\u0161ne &hellip; Continue reading Izola &rarr;","og_url":"https:\/\/uporabno.info\/apartmaji\/izola\/","og_site_name":"Apartmaji","schema":{"@context":"https:\/\/schema.org","@graph":[{"@type":"WebPage","@id":"https:\/\/uporabno.info\/apartmaji\/izola\/","url":"https:\/\/uporabno.info\/apartmaji\/izola\/","name":"Izola - Apartmaji","isPartOf":{"@id":"https:\/\/uporabno.info\/apartmaji\/#website"},"datePublished":"2014-01-14T19:22:24+00:00","breadcrumb":{"@id":"https:\/\/uporabno.info\/apartmaji\/izola\/#breadcrumb"},"inLanguage":"en-US","potentialAction":[{"@type":"ReadAction","target":["https:\/\/uporabno.info\/apartmaji\/izola\/"]}]},{"@type":"BreadcrumbList","@id":"https:\/\/uporabno.info\/apartmaji\/izola\/#breadcrumb","itemListElement":[{"@type":"ListItem","position":1,"name":"Home","item":"https:\/\/uporabno.info\/apartmaji\/"},{"@type":"ListItem","position":2,"name":"Izola"}]},{"@type":"WebSite","@id":"https:\/\/uporabno.info\/apartmaji\/#website","url":"https:\/\/uporabno.info\/apartmaji\/","name":"Apartmaji","description":"Apartmaji na Hrva\u0161kem in Sloveniji","potentialAction":[{"@type":"SearchAction","target":{"@type":"EntryPoint","urlTemplate":"https:\/\/uporabno.info\/apartmaji\/?s={search_term_string}"},"query-input":{"@type":"PropertyValueSpecification","valueRequired":true,"valueName":"search_term_string"}}],"inLanguage":"en-US"}]}},"_links":{"self":[{"href":"https:\/\/uporabno.info\/apartmaji\/wp-json\/wp\/v2\/pages\/31","targetHints":{"allow":["GET"]}}],"collection":[{"href":"https:\/\/uporabno.info\/apartmaji\/wp-json\/wp\/v2\/pages"}],"about":[{"href":"https:\/\/uporabno.info\/apartmaji\/wp-json\/wp\/v2\/types\/page"}],"author":[{"embeddable":true,"href":"https:\/\/uporabno.info\/apartmaji\/wp-json\/wp\/v2\/users\/2"}],"replies":[{"embeddable":true,"href":"https:\/\/uporabno.info\/apartmaji\/wp-json\/wp\/v2\/comments?post=31"}],"version-history":[{"count":0,"href":"https:\/\/uporabno.info\/apartmaji\/wp-json\/wp\/v2\/pages\/31\/revisions"}],"wp:attachment":[{"href":"https:\/\/uporabno.info\/apartmaji\/wp-json\/wp\/v2\/media?parent=31"}],"curies":[{"name":"wp","href":"https:\/\/api.w.org\/{rel}","templated":true}]}}