{"id":21,"date":"2014-01-14T19:10:41","date_gmt":"2014-01-14T19:10:41","guid":{"rendered":"http:\/\/uporabno.info\/apartmaji\/?page_id=21"},"modified":"2014-01-14T19:10:41","modified_gmt":"2014-01-14T19:10:41","slug":"bled","status":"publish","type":"page","link":"https:\/\/uporabno.info\/apartmaji\/bled\/","title":{"rendered":"Bled"},"content":{"rendered":"<p>\u010ce potrebujete hotelsko sobo ali apartma na Bledu, lahko preverite nekatere izmed na\u0161ih strani in podstrani ali uporabite iskalnik na omenjenih podstraneh in zagotovo boste na\u0161li ponudbo kak\u0161en zanimiv privatni apartma na Bledu ali drugo namestitev po va\u0161em okusu.<\/p>\n","protected":false},"excerpt":{"rendered":"<p>\u010ce potrebujete hotelsko sobo ali apartma na Bledu, lahko preverite nekatere izmed na\u0161ih strani in podstrani ali uporabite iskalnik na omenjenih podstraneh in zagotovo boste na\u0161li ponudbo kak\u0161en zanimiv privatni apartma na Bledu ali drugo namestitev po va\u0161em okusu.<\/p>\n","protected":false},"author":2,"featured_media":0,"parent":0,"menu_order":0,"comment_status":"open","ping_status":"open","template":"","meta":{"footnotes":""},"class_list":["post-21","page","type-page","status-publish","hentry"],"yoast_head":"<!-- This site is optimized with the Yoast SEO plugin v27.4 - https:\/\/yoast.com\/product\/yoast-seo-wordpress\/ -->\n<title>Bled - Apartmaji<\/title>\n<meta name=\"robots\" content=\"index, follow, max-snippet:-1, max-image-preview:large, max-video-preview:-1\" \/>\n<link rel=\"canonical\" href=\"https:\/\/uporabno.info\/apartmaji\/bled\/\" \/>\n<meta property=\"og:locale\" content=\"en_US\" \/>\n<meta property=\"og:type\" content=\"article\" \/>\n<meta property=\"og:title\" content=\"Bled - Apartmaji\" \/>\n<meta property=\"og:description\" content=\"\u010ce potrebujete hotelsko sobo ali apartma na Bledu, lahko preverite nekatere izmed na\u0161ih strani in podstrani ali uporabite iskalnik na omenjenih podstraneh in zagotovo boste na\u0161li ponudbo kak\u0161en zanimiv privatni apartma na Bledu ali drugo namestitev po va\u0161em okusu.\" \/>\n<meta property=\"og:url\" content=\"https:\/\/uporabno.info\/apartmaji\/bled\/\" \/>\n<meta property=\"og:site_name\" content=\"Apartmaji\" \/>\n<script type=\"application\/ld+json\" class=\"yoast-schema-graph\">{\"@context\":\"https:\\\/\\\/schema.org\",\"@graph\":[{\"@type\":\"WebPage\",\"@id\":\"https:\\\/\\\/uporabno.info\\\/apartmaji\\\/bled\\\/\",\"url\":\"https:\\\/\\\/uporabno.info\\\/apartmaji\\\/bled\\\/\",\"name\":\"Bled - Apartmaji\",\"isPartOf\":{\"@id\":\"https:\\\/\\\/uporabno.info\\\/apartmaji\\\/#website\"},\"datePublished\":\"2014-01-14T19:10:41+00:00\",\"breadcrumb\":{\"@id\":\"https:\\\/\\\/uporabno.info\\\/apartmaji\\\/bled\\\/#breadcrumb\"},\"inLanguage\":\"en-US\",\"potentialAction\":[{\"@type\":\"ReadAction\",\"target\":[\"https:\\\/\\\/uporabno.info\\\/apartmaji\\\/bled\\\/\"]}]},{\"@type\":\"BreadcrumbList\",\"@id\":\"https:\\\/\\\/uporabno.info\\\/apartmaji\\\/bled\\\/#breadcrumb\",\"itemListElement\":[{\"@type\":\"ListItem\",\"position\":1,\"name\":\"Home\",\"item\":\"https:\\\/\\\/uporabno.info\\\/apartmaji\\\/\"},{\"@type\":\"ListItem\",\"position\":2,\"name\":\"Bled\"}]},{\"@type\":\"WebSite\",\"@id\":\"https:\\\/\\\/uporabno.info\\\/apartmaji\\\/#website\",\"url\":\"https:\\\/\\\/uporabno.info\\\/apartmaji\\\/\",\"name\":\"Apartmaji\",\"description\":\"Apartmaji na Hrva\u0161kem in Sloveniji\",\"potentialAction\":[{\"@type\":\"SearchAction\",\"target\":{\"@type\":\"EntryPoint\",\"urlTemplate\":\"https:\\\/\\\/uporabno.info\\\/apartmaji\\\/?s={search_term_string}\"},\"query-input\":{\"@type\":\"PropertyValueSpecification\",\"valueRequired\":true,\"valueName\":\"search_term_string\"}}],\"inLanguage\":\"en-US\"}]}<\/script>\n<!-- \/ Yoast SEO plugin. -->","yoast_head_json":{"title":"Bled - Apartmaji","robots":{"index":"index","follow":"follow","max-snippet":"max-snippet:-1","max-image-preview":"max-image-preview:large","max-video-preview":"max-video-preview:-1"},"canonical":"https:\/\/uporabno.info\/apartmaji\/bled\/","og_locale":"en_US","og_type":"article","og_title":"Bled - Apartmaji","og_description":"\u010ce potrebujete hotelsko sobo ali apartma na Bledu, lahko preverite nekatere izmed na\u0161ih strani in podstrani ali uporabite iskalnik na omenjenih podstraneh in zagotovo boste na\u0161li ponudbo kak\u0161en zanimiv privatni apartma na Bledu ali drugo namestitev po va\u0161em okusu.","og_url":"https:\/\/uporabno.info\/apartmaji\/bled\/","og_site_name":"Apartmaji","schema":{"@context":"https:\/\/schema.org","@graph":[{"@type":"WebPage","@id":"https:\/\/uporabno.info\/apartmaji\/bled\/","url":"https:\/\/uporabno.info\/apartmaji\/bled\/","name":"Bled - Apartmaji","isPartOf":{"@id":"https:\/\/uporabno.info\/apartmaji\/#website"},"datePublished":"2014-01-14T19:10:41+00:00","breadcrumb":{"@id":"https:\/\/uporabno.info\/apartmaji\/bled\/#breadcrumb"},"inLanguage":"en-US","potentialAction":[{"@type":"ReadAction","target":["https:\/\/uporabno.info\/apartmaji\/bled\/"]}]},{"@type":"BreadcrumbList","@id":"https:\/\/uporabno.info\/apartmaji\/bled\/#breadcrumb","itemListElement":[{"@type":"ListItem","position":1,"name":"Home","item":"https:\/\/uporabno.info\/apartmaji\/"},{"@type":"ListItem","position":2,"name":"Bled"}]},{"@type":"WebSite","@id":"https:\/\/uporabno.info\/apartmaji\/#website","url":"https:\/\/uporabno.info\/apartmaji\/","name":"Apartmaji","description":"Apartmaji na Hrva\u0161kem in Sloveniji","potentialAction":[{"@type":"SearchAction","target":{"@type":"EntryPoint","urlTemplate":"https:\/\/uporabno.info\/apartmaji\/?s={search_term_string}"},"query-input":{"@type":"PropertyValueSpecification","valueRequired":true,"valueName":"search_term_string"}}],"inLanguage":"en-US"}]}},"_links":{"self":[{"href":"https:\/\/uporabno.info\/apartmaji\/wp-json\/wp\/v2\/pages\/21","targetHints":{"allow":["GET"]}}],"collection":[{"href":"https:\/\/uporabno.info\/apartmaji\/wp-json\/wp\/v2\/pages"}],"about":[{"href":"https:\/\/uporabno.info\/apartmaji\/wp-json\/wp\/v2\/types\/page"}],"author":[{"embeddable":true,"href":"https:\/\/uporabno.info\/apartmaji\/wp-json\/wp\/v2\/users\/2"}],"replies":[{"embeddable":true,"href":"https:\/\/uporabno.info\/apartmaji\/wp-json\/wp\/v2\/comments?post=21"}],"version-history":[{"count":0,"href":"https:\/\/uporabno.info\/apartmaji\/wp-json\/wp\/v2\/pages\/21\/revisions"}],"wp:attachment":[{"href":"https:\/\/uporabno.info\/apartmaji\/wp-json\/wp\/v2\/media?parent=21"}],"curies":[{"name":"wp","href":"https:\/\/api.w.org\/{rel}","templated":true}]}}